{"id":211,"date":"2020-06-29T14:12:05","date_gmt":"2020-06-29T12:12:05","guid":{"rendered":"http:\/\/hrpayroll.codeq.pl\/przykladowa-strona\/"},"modified":"2020-07-26T22:34:37","modified_gmt":"2020-07-26T20:34:37","slug":"przykladowa-strona","status":"publish","type":"page","link":"https:\/\/hrpayroll.pl\/en\/","title":{"rendered":"Home"},"content":{"rendered":"","protected":false},"excerpt":{"rendered":"","protected":false},"author":1,"featured_media":0,"parent":0,"menu_order":0,"comment_status":"closed","ping_status":"open","template":"templates\/template-homepage.php","meta":{"footnotes":""},"class_list":["post-211","page","type-page","status-publish","hentry"],"yoast_head":"<!-- This site is optimized with the Yoast SEO plugin v24.3 - https:\/\/yoast.com\/wordpress\/plugins\/seo\/ -->\n<title>Biuro kadrowo-p\u0142acowe HR PayRoll - Dorota Blicharska HR Manager<\/title>\n<meta name=\"description\" content=\"Nazywam si\u0119 Dorota Blicharska. Jestem w\u0142a\u015bcicielem biura kadrowo-p\u0142acowego HR Payroll&amp;Finances. Prowadz\u0119 kadry i p\u0142ace w ma\u0142ych, \u015brednich oraz du\u017cych firmach z kapita\u0142em polskim oraz zagranicznym.\" \/>\n<meta name=\"robots\" content=\"index, follow, max-snippet:-1, max-image-preview:large, max-video-preview:-1\" \/>\n<link rel=\"canonical\" href=\"https:\/\/hrpayroll.pl\/\" \/>\n<meta property=\"og:locale\" content=\"en_US\" \/>\n<meta property=\"og:type\" content=\"article\" \/>\n<meta property=\"og:title\" content=\"Biuro kadrowo-p\u0142acowe HR PayRoll - Dorota Blicharska HR Manager\" \/>\n<meta property=\"og:description\" content=\"Nazywam si\u0119 Dorota Blicharska. Jestem w\u0142a\u015bcicielem biura kadrowo-p\u0142acowego HR Payroll&amp;Finances. Prowadz\u0119 kadry i p\u0142ace w ma\u0142ych, \u015brednich oraz du\u017cych firmach z kapita\u0142em polskim oraz zagranicznym.\" \/>\n<meta property=\"og:url\" content=\"https:\/\/hrpayroll.pl\/\" \/>\n<meta property=\"og:site_name\" content=\"Biuro kadrowo-p\u0142acowe HR PayRoll - Dorota Blicharska HR Manager\" \/>\n<meta property=\"article:publisher\" content=\"https:\/\/www.facebook.com\/HR-Payroll-Finances-1358740020928248\" \/>\n<meta property=\"article:modified_time\" content=\"2020-07-26T20:34:37+00:00\" \/>\n<meta name=\"twitter:card\" content=\"summary_large_image\" \/>\n<script type=\"application\/ld+json\" class=\"yoast-schema-graph\">{\"@context\":\"https:\/\/schema.org\",\"@graph\":[{\"@type\":\"WebPage\",\"@id\":\"https:\/\/hrpayroll.pl\/\",\"url\":\"https:\/\/hrpayroll.pl\/\",\"name\":\"Biuro kadrowo-p\u0142acowe HR PayRoll - Dorota Blicharska HR Manager\",\"isPartOf\":{\"@id\":\"https:\/\/hrpayroll.pl\/#website\"},\"datePublished\":\"2020-06-29T12:12:05+00:00\",\"dateModified\":\"2020-07-26T20:34:37+00:00\",\"description\":\"Nazywam si\u0119 Dorota Blicharska. Jestem w\u0142a\u015bcicielem biura kadrowo-p\u0142acowego HR Payroll&Finances. Prowadz\u0119 kadry i p\u0142ace w ma\u0142ych, \u015brednich oraz du\u017cych firmach z kapita\u0142em polskim oraz zagranicznym.\",\"breadcrumb\":{\"@id\":\"https:\/\/hrpayroll.pl\/#breadcrumb\"},\"inLanguage\":\"en-US\",\"potentialAction\":[{\"@type\":\"ReadAction\",\"target\":[\"https:\/\/hrpayroll.pl\/\"]}]},{\"@type\":\"BreadcrumbList\",\"@id\":\"https:\/\/hrpayroll.pl\/#breadcrumb\",\"itemListElement\":[{\"@type\":\"ListItem\",\"position\":1,\"name\":\"Home\",\"item\":\"https:\/\/hrpayroll.pl\/\"},{\"@type\":\"ListItem\",\"position\":2,\"name\":\"Home\"}]},{\"@type\":\"WebSite\",\"@id\":\"https:\/\/hrpayroll.pl\/#website\",\"url\":\"https:\/\/hrpayroll.pl\/\",\"name\":\"Biuro kadrowo-p\u0142acowe HR PayRoll - Dorota Blicharska HR Manager\",\"description\":\"Nazywam si\u0119 Dorota Blicharska. Jestem w\u0142a\u015bcicielem biura kadrowo-p\u0142acowego HR Payroll&amp;Finances.\",\"potentialAction\":[{\"@type\":\"SearchAction\",\"target\":{\"@type\":\"EntryPoint\",\"urlTemplate\":\"https:\/\/hrpayroll.pl\/?s={search_term_string}\"},\"query-input\":{\"@type\":\"PropertyValueSpecification\",\"valueRequired\":true,\"valueName\":\"search_term_string\"}}],\"inLanguage\":\"en-US\"}]}<\/script>\n<!-- \/ Yoast SEO plugin. -->","yoast_head_json":{"title":"Biuro kadrowo-p\u0142acowe HR PayRoll - Dorota Blicharska HR Manager","description":"Nazywam si\u0119 Dorota Blicharska. Jestem w\u0142a\u015bcicielem biura kadrowo-p\u0142acowego HR Payroll&Finances. Prowadz\u0119 kadry i p\u0142ace w ma\u0142ych, \u015brednich oraz du\u017cych firmach z kapita\u0142em polskim oraz zagranicznym.","robots":{"index":"index","follow":"follow","max-snippet":"max-snippet:-1","max-image-preview":"max-image-preview:large","max-video-preview":"max-video-preview:-1"},"canonical":"https:\/\/hrpayroll.pl\/","og_locale":"en_US","og_type":"article","og_title":"Biuro kadrowo-p\u0142acowe HR PayRoll - Dorota Blicharska HR Manager","og_description":"Nazywam si\u0119 Dorota Blicharska. Jestem w\u0142a\u015bcicielem biura kadrowo-p\u0142acowego HR Payroll&Finances. Prowadz\u0119 kadry i p\u0142ace w ma\u0142ych, \u015brednich oraz du\u017cych firmach z kapita\u0142em polskim oraz zagranicznym.","og_url":"https:\/\/hrpayroll.pl\/","og_site_name":"Biuro kadrowo-p\u0142acowe HR PayRoll - Dorota Blicharska HR Manager","article_publisher":"https:\/\/www.facebook.com\/HR-Payroll-Finances-1358740020928248","article_modified_time":"2020-07-26T20:34:37+00:00","twitter_card":"summary_large_image","schema":{"@context":"https:\/\/schema.org","@graph":[{"@type":"WebPage","@id":"https:\/\/hrpayroll.pl\/","url":"https:\/\/hrpayroll.pl\/","name":"Biuro kadrowo-p\u0142acowe HR PayRoll - Dorota Blicharska HR Manager","isPartOf":{"@id":"https:\/\/hrpayroll.pl\/#website"},"datePublished":"2020-06-29T12:12:05+00:00","dateModified":"2020-07-26T20:34:37+00:00","description":"Nazywam si\u0119 Dorota Blicharska. Jestem w\u0142a\u015bcicielem biura kadrowo-p\u0142acowego HR Payroll&Finances. Prowadz\u0119 kadry i p\u0142ace w ma\u0142ych, \u015brednich oraz du\u017cych firmach z kapita\u0142em polskim oraz zagranicznym.","breadcrumb":{"@id":"https:\/\/hrpayroll.pl\/#breadcrumb"},"inLanguage":"en-US","potentialAction":[{"@type":"ReadAction","target":["https:\/\/hrpayroll.pl\/"]}]},{"@type":"BreadcrumbList","@id":"https:\/\/hrpayroll.pl\/#breadcrumb","itemListElement":[{"@type":"ListItem","position":1,"name":"Home","item":"https:\/\/hrpayroll.pl\/"},{"@type":"ListItem","position":2,"name":"Home"}]},{"@type":"WebSite","@id":"https:\/\/hrpayroll.pl\/#website","url":"https:\/\/hrpayroll.pl\/","name":"Biuro kadrowo-p\u0142acowe HR PayRoll - Dorota Blicharska HR Manager","description":"Nazywam si\u0119 Dorota Blicharska. Jestem w\u0142a\u015bcicielem biura kadrowo-p\u0142acowego HR Payroll&amp;Finances.","potentialAction":[{"@type":"SearchAction","target":{"@type":"EntryPoint","urlTemplate":"https:\/\/hrpayroll.pl\/?s={search_term_string}"},"query-input":{"@type":"PropertyValueSpecification","valueRequired":true,"valueName":"search_term_string"}}],"inLanguage":"en-US"}]}},"_links":{"self":[{"href":"https:\/\/hrpayroll.pl\/en\/wp-json\/wp\/v2\/pages\/211"}],"collection":[{"href":"https:\/\/hrpayroll.pl\/en\/wp-json\/wp\/v2\/pages"}],"about":[{"href":"https:\/\/hrpayroll.pl\/en\/wp-json\/wp\/v2\/types\/page"}],"author":[{"embeddable":true,"href":"https:\/\/hrpayroll.pl\/en\/wp-json\/wp\/v2\/users\/1"}],"replies":[{"embeddable":true,"href":"https:\/\/hrpayroll.pl\/en\/wp-json\/wp\/v2\/comments?post=211"}],"version-history":[{"count":15,"href":"https:\/\/hrpayroll.pl\/en\/wp-json\/wp\/v2\/pages\/211\/revisions"}],"predecessor-version":[{"id":319,"href":"https:\/\/hrpayroll.pl\/en\/wp-json\/wp\/v2\/pages\/211\/revisions\/319"}],"wp:attachment":[{"href":"https:\/\/hrpayroll.pl\/en\/wp-json\/wp\/v2\/media?parent=211"}],"curies":[{"name":"wp","href":"https:\/\/api.w.org\/{rel}","templated":true}]}}